{"id":415,"date":"2018-05-08T12:14:45","date_gmt":"2018-05-08T12:14:45","guid":{"rendered":"https:\/\/www.groba.nl\/?page_id=415"},"modified":"2026-03-20T14:13:24","modified_gmt":"2026-03-20T13:13:24","slug":"home","status":"publish","type":"page","link":"https:\/\/www.groba.nl\/de\/","title":{"rendered":"Startseite"},"content":{"rendered":"<p><img loading=\"lazy\" decoding=\"async\" class=\"wp-image-44 size-full alignleft\" src=\"https:\/\/www.groba.nl\/wp-content\/uploads\/Groba-Voedersysteem.jpg\" alt=\"Groba Voedersystemen\" width=\"82\" height=\"245\"><\/p>\n<h1>Groba Feeding Systems<\/h1>\n<h2>F\u00fctterungssysteme f\u00fcr Schweine<\/h2>\n<p><strong>In der zuk\u00fcnftigen Schweinehaltung stehen Tierwohl und Nachhaltigkeit im Mittelpunkt. Dies erfordert eine angepasste Stalleinrichtung. Ein komfortables Klima, gro\u00dfz\u00fcgig gestaltete St\u00e4lle und innovative F\u00fctterungssysteme, wie die von Groba, tragen zu einer gesellschaftlich verantwortungsbewussten Schweineproduktion bei.<br \/>\n<\/strong><\/p>\n<div class='content-column one_half'><h2>Hochwertige F\u00fctterungssysteme<\/h2>\n<p><a href=\"https:\/\/www.groba.nl\/de\/ueber-groba\/\">Groba<\/a> Voedersystemen BV liefert hochwertige F\u00fctterungssysteme f\u00fcr Mastschweine, Sauen und Ferkel. Systeme, die auf hygienische und effiziente Weise die Versorgung mit Wasser und Futter sicherstellen. Dadurch wachsen die Schweine auf verantwortungsbewusste Weise auf. Dank der <a href=\"https:\/\/www.groba.nl\/de\/futterautomaten-fuer-schweine\/\">Futterautomaten<\/a> versch\u00fctten die Schweine kaum Futter und bleiben gesund. Und als Schweinehalter sparen Sie Kosten. So streben wir gemeinsam eine optimale Futterverwertung an.     <\/p><\/div><div class='content-column one_half last_column'><h2>F\u00fcrsorge f\u00fcr Schweine<\/h2>\n<p>Stalko ist seit \u00fcber einem halben Jahrhundert in der Produktion von Futterautomaten f\u00fcr Schweine t\u00e4tig. Groba hat die Marke im Jahr 2016 \u00fcbernommen. Damit haben wir unser Angebot um Trockenfutterautomaten f\u00fcr Saugferkel, abgesetzte Ferkel, Mastschweine und Sauen erweitert.  <\/p>\n<p><img decoding=\"async\" class=\"alignright\" src=\"https:\/\/www.groba.nl\/wp-content\/uploads\/Groba-Stalko.jpg\"><\/p>\n<p><a href=\"https:\/\/www.groba.nl\/product\/stalko\/\">Klicken Sie hier f\u00fcr Stalko<\/a><\/p><\/div><div class='clear_column'><\/div><\/p>\n","protected":false},"excerpt":{"rendered":"<p>Groba Feeding Systems F\u00fctterungssysteme f\u00fcr Schweine In der zuk\u00fcnftigen Schweinehaltung stehen Tierwohl und Nachhaltigkeit&#8230;<\/p>\n","protected":false},"author":8,"featured_media":0,"parent":0,"menu_order":0,"comment_status":"closed","ping_status":"closed","template":"page-templates\/page-home.php","meta":{"_acf_changed":false,"footnotes":""},"class_list":["post-415","page","type-page","status-publish","hentry"],"acf":[],"yoast_head":"<!-- This site is optimized with the Yoast SEO plugin v27.3 - https:\/\/yoast.com\/product\/yoast-seo-wordpress\/ -->\n<title>F\u00fctterungssysteme f\u00fcr Schweine: gemeinsam zur Perfektion in Ihrem Stall | Groba<\/title>\n<meta name=\"description\" content=\"Groba Voedersystemen BV liefert hochwertige F\u00fctterungssysteme f\u00fcr Mastschweine, Sauen und Ferkel f\u00fcr eine gesellschaftlich verantwortungsbewusste Schweineproduktion.\" \/>\n<meta name=\"robots\" content=\"index, follow, max-snippet:-1, max-image-preview:large, max-video-preview:-1\" \/>\n<link rel=\"canonical\" href=\"https:\/\/www.groba.nl\/de\/home\/\" \/>\n<meta property=\"og:locale\" content=\"de_DE\" \/>\n<meta property=\"og:type\" content=\"article\" \/>\n<meta property=\"og:title\" content=\"F\u00fctterungssysteme f\u00fcr Schweine: gemeinsam zur Perfektion in Ihrem Stall | Groba\" \/>\n<meta property=\"og:description\" content=\"Groba Voedersystemen BV liefert hochwertige F\u00fctterungssysteme f\u00fcr Mastschweine, Sauen und Ferkel f\u00fcr eine gesellschaftlich verantwortungsbewusste Schweineproduktion.\" \/>\n<meta property=\"og:url\" content=\"https:\/\/www.groba.nl\/de\/home\/\" \/>\n<meta property=\"og:site_name\" content=\"Groba\" \/>\n<meta property=\"article:modified_time\" content=\"2026-03-20T13:13:24+00:00\" \/>\n<meta property=\"og:image\" content=\"https:\/\/www.groba.nl\/wp-content\/uploads\/Groba-Voedersysteem.jpg\" \/>\n\t<meta property=\"og:image:width\" content=\"82\" \/>\n\t<meta property=\"og:image:height\" content=\"245\" \/>\n\t<meta property=\"og:image:type\" content=\"image\/jpeg\" \/>\n<meta name=\"twitter:card\" content=\"summary_large_image\" \/>\n<meta name=\"twitter:label1\" content=\"Gesch\u00e4tzte Lesezeit\" \/>\n\t<meta name=\"twitter:data1\" content=\"2\u00a0Minuten\" \/>\n<script type=\"application\/ld+json\" class=\"yoast-schema-graph\">{\"@context\":\"https:\\\/\\\/schema.org\",\"@graph\":[{\"@type\":\"WebPage\",\"@id\":\"https:\\\/\\\/www.groba.nl\\\/de\\\/home\\\/\",\"url\":\"https:\\\/\\\/www.groba.nl\\\/de\\\/home\\\/\",\"name\":\"F\u00fctterungssysteme f\u00fcr Schweine: gemeinsam zur Perfektion in Ihrem Stall | Groba\",\"isPartOf\":{\"@id\":\"https:\\\/\\\/www.groba.nl\\\/#website\"},\"primaryImageOfPage\":{\"@id\":\"https:\\\/\\\/www.groba.nl\\\/de\\\/home\\\/#primaryimage\"},\"image\":{\"@id\":\"https:\\\/\\\/www.groba.nl\\\/de\\\/home\\\/#primaryimage\"},\"thumbnailUrl\":\"https:\\\/\\\/www.groba.nl\\\/wp-content\\\/uploads\\\/Groba-Voedersysteem.jpg\",\"datePublished\":\"2018-05-08T12:14:45+00:00\",\"dateModified\":\"2026-03-20T13:13:24+00:00\",\"description\":\"Groba Voedersystemen BV liefert hochwertige F\u00fctterungssysteme f\u00fcr Mastschweine, Sauen und Ferkel f\u00fcr eine gesellschaftlich verantwortungsbewusste Schweineproduktion.\",\"breadcrumb\":{\"@id\":\"https:\\\/\\\/www.groba.nl\\\/de\\\/home\\\/#breadcrumb\"},\"inLanguage\":\"de\",\"potentialAction\":[{\"@type\":\"ReadAction\",\"target\":[\"https:\\\/\\\/www.groba.nl\\\/de\\\/home\\\/\"]}]},{\"@type\":\"ImageObject\",\"inLanguage\":\"de\",\"@id\":\"https:\\\/\\\/www.groba.nl\\\/de\\\/home\\\/#primaryimage\",\"url\":\"https:\\\/\\\/www.groba.nl\\\/wp-content\\\/uploads\\\/Groba-Voedersysteem.jpg\",\"contentUrl\":\"https:\\\/\\\/www.groba.nl\\\/wp-content\\\/uploads\\\/Groba-Voedersysteem.jpg\"},{\"@type\":\"BreadcrumbList\",\"@id\":\"https:\\\/\\\/www.groba.nl\\\/de\\\/home\\\/#breadcrumb\",\"itemListElement\":[{\"@type\":\"ListItem\",\"position\":1,\"name\":\"Home\",\"item\":\"https:\\\/\\\/www.groba.nl\\\/de\\\/home\\\/\"},{\"@type\":\"ListItem\",\"position\":2,\"name\":\"Startseite\"}]},{\"@type\":\"WebSite\",\"@id\":\"https:\\\/\\\/www.groba.nl\\\/#website\",\"url\":\"https:\\\/\\\/www.groba.nl\\\/\",\"name\":\"Groba\",\"description\":\"Groba Feeding Systems\",\"publisher\":{\"@id\":\"https:\\\/\\\/www.groba.nl\\\/#organization\"},\"potentialAction\":[{\"@type\":\"SearchAction\",\"target\":{\"@type\":\"EntryPoint\",\"urlTemplate\":\"https:\\\/\\\/www.groba.nl\\\/?s={search_term_string}\"},\"query-input\":{\"@type\":\"PropertyValueSpecification\",\"valueRequired\":true,\"valueName\":\"search_term_string\"}}],\"inLanguage\":\"de\"},{\"@type\":\"Organization\",\"@id\":\"https:\\\/\\\/www.groba.nl\\\/#organization\",\"name\":\"Groba Feeding Systems\",\"url\":\"https:\\\/\\\/www.groba.nl\\\/\",\"logo\":{\"@type\":\"ImageObject\",\"inLanguage\":\"de\",\"@id\":\"https:\\\/\\\/www.groba.nl\\\/#\\\/schema\\\/logo\\\/image\\\/\",\"url\":\"https:\\\/\\\/www.groba.nl\\\/wp-content\\\/uploads\\\/Groba_Logo.png\",\"contentUrl\":\"https:\\\/\\\/www.groba.nl\\\/wp-content\\\/uploads\\\/Groba_Logo.png\",\"width\":\"520\",\"height\":\"224\",\"caption\":\"Groba Feeding Systems\"},\"image\":{\"@id\":\"https:\\\/\\\/www.groba.nl\\\/#\\\/schema\\\/logo\\\/image\\\/\"}}]}<\/script>\n<!-- \/ Yoast SEO plugin. -->","yoast_head_json":{"title":"F\u00fctterungssysteme f\u00fcr Schweine: gemeinsam zur Perfektion in Ihrem Stall | Groba","description":"Groba Voedersystemen BV liefert hochwertige F\u00fctterungssysteme f\u00fcr Mastschweine, Sauen und Ferkel f\u00fcr eine gesellschaftlich verantwortungsbewusste Schweineproduktion.","robots":{"index":"index","follow":"follow","max-snippet":"max-snippet:-1","max-image-preview":"max-image-preview:large","max-video-preview":"max-video-preview:-1"},"canonical":"https:\/\/www.groba.nl\/de\/home\/","og_locale":"de_DE","og_type":"article","og_title":"F\u00fctterungssysteme f\u00fcr Schweine: gemeinsam zur Perfektion in Ihrem Stall | Groba","og_description":"Groba Voedersystemen BV liefert hochwertige F\u00fctterungssysteme f\u00fcr Mastschweine, Sauen und Ferkel f\u00fcr eine gesellschaftlich verantwortungsbewusste Schweineproduktion.","og_url":"https:\/\/www.groba.nl\/de\/home\/","og_site_name":"Groba","article_modified_time":"2026-03-20T13:13:24+00:00","og_image":[{"width":82,"height":245,"url":"https:\/\/www.groba.nl\/wp-content\/uploads\/Groba-Voedersysteem.jpg","type":"image\/jpeg"}],"twitter_card":"summary_large_image","twitter_misc":{"Gesch\u00e4tzte Lesezeit":"2\u00a0Minuten"},"schema":{"@context":"https:\/\/schema.org","@graph":[{"@type":"WebPage","@id":"https:\/\/www.groba.nl\/de\/home\/","url":"https:\/\/www.groba.nl\/de\/home\/","name":"F\u00fctterungssysteme f\u00fcr Schweine: gemeinsam zur Perfektion in Ihrem Stall | Groba","isPartOf":{"@id":"https:\/\/www.groba.nl\/#website"},"primaryImageOfPage":{"@id":"https:\/\/www.groba.nl\/de\/home\/#primaryimage"},"image":{"@id":"https:\/\/www.groba.nl\/de\/home\/#primaryimage"},"thumbnailUrl":"https:\/\/www.groba.nl\/wp-content\/uploads\/Groba-Voedersysteem.jpg","datePublished":"2018-05-08T12:14:45+00:00","dateModified":"2026-03-20T13:13:24+00:00","description":"Groba Voedersystemen BV liefert hochwertige F\u00fctterungssysteme f\u00fcr Mastschweine, Sauen und Ferkel f\u00fcr eine gesellschaftlich verantwortungsbewusste Schweineproduktion.","breadcrumb":{"@id":"https:\/\/www.groba.nl\/de\/home\/#breadcrumb"},"inLanguage":"de","potentialAction":[{"@type":"ReadAction","target":["https:\/\/www.groba.nl\/de\/home\/"]}]},{"@type":"ImageObject","inLanguage":"de","@id":"https:\/\/www.groba.nl\/de\/home\/#primaryimage","url":"https:\/\/www.groba.nl\/wp-content\/uploads\/Groba-Voedersysteem.jpg","contentUrl":"https:\/\/www.groba.nl\/wp-content\/uploads\/Groba-Voedersysteem.jpg"},{"@type":"BreadcrumbList","@id":"https:\/\/www.groba.nl\/de\/home\/#breadcrumb","itemListElement":[{"@type":"ListItem","position":1,"name":"Home","item":"https:\/\/www.groba.nl\/de\/home\/"},{"@type":"ListItem","position":2,"name":"Startseite"}]},{"@type":"WebSite","@id":"https:\/\/www.groba.nl\/#website","url":"https:\/\/www.groba.nl\/","name":"Groba","description":"Groba Feeding Systems","publisher":{"@id":"https:\/\/www.groba.nl\/#organization"},"potentialAction":[{"@type":"SearchAction","target":{"@type":"EntryPoint","urlTemplate":"https:\/\/www.groba.nl\/?s={search_term_string}"},"query-input":{"@type":"PropertyValueSpecification","valueRequired":true,"valueName":"search_term_string"}}],"inLanguage":"de"},{"@type":"Organization","@id":"https:\/\/www.groba.nl\/#organization","name":"Groba Feeding Systems","url":"https:\/\/www.groba.nl\/","logo":{"@type":"ImageObject","inLanguage":"de","@id":"https:\/\/www.groba.nl\/#\/schema\/logo\/image\/","url":"https:\/\/www.groba.nl\/wp-content\/uploads\/Groba_Logo.png","contentUrl":"https:\/\/www.groba.nl\/wp-content\/uploads\/Groba_Logo.png","width":"520","height":"224","caption":"Groba Feeding Systems"},"image":{"@id":"https:\/\/www.groba.nl\/#\/schema\/logo\/image\/"}}]}},"_links":{"self":[{"href":"https:\/\/www.groba.nl\/de\/wp-json\/wp\/v2\/pages\/415","targetHints":{"allow":["GET"]}}],"collection":[{"href":"https:\/\/www.groba.nl\/de\/wp-json\/wp\/v2\/pages"}],"about":[{"href":"https:\/\/www.groba.nl\/de\/wp-json\/wp\/v2\/types\/page"}],"author":[{"embeddable":true,"href":"https:\/\/www.groba.nl\/de\/wp-json\/wp\/v2\/users\/8"}],"replies":[{"embeddable":true,"href":"https:\/\/www.groba.nl\/de\/wp-json\/wp\/v2\/comments?post=415"}],"version-history":[{"count":18,"href":"https:\/\/www.groba.nl\/de\/wp-json\/wp\/v2\/pages\/415\/revisions"}],"predecessor-version":[{"id":1632,"href":"https:\/\/www.groba.nl\/de\/wp-json\/wp\/v2\/pages\/415\/revisions\/1632"}],"wp:attachment":[{"href":"https:\/\/www.groba.nl\/de\/wp-json\/wp\/v2\/media?parent=415"}],"curies":[{"name":"wp","href":"https:\/\/api.w.org\/{rel}","templated":true}]}}