{"id":455,"date":"2018-08-06T07:27:11","date_gmt":"2018-08-06T07:27:11","guid":{"rendered":"https:\/\/www.groba.nl\/?page_id=455"},"modified":"2018-08-07T07:51:33","modified_gmt":"2018-08-07T07:51:33","slug":"futterautomaten-fuer-schweine","status":"publish","type":"page","link":"https:\/\/www.groba.nl\/de\/futterautomaten-fuer-schweine\/","title":{"rendered":"Futterautomaten f\u00fcr Schweine"},"content":{"rendered":"<h1>Futterautomaten f\u00fcr Schweine<\/h1>\n<p>Die Grundlage f\u00fcr unsere Futterautomaten f\u00fcr Schweine stellt jahrelange Forschung dar. Jedes System wird ausf\u00fchrlich getestet, bevor es auf den Markt gebracht wird. Die Vermeidung von Futterverschwendung ist dabei der Ausgangspunkt. Dies sorgt f\u00fcr eine rentable Schweinehaltung.<\/p>\n<div class='content-column one_half'><h2>Futterautomaten f\u00fcr Schweine und Ferkel<\/h2>\n<p>Der erste Prototyp von <a href=\"https:\/\/www.groba.nl\/de\/ueber-groba\/\">Groba<\/a> war ein Single Feeder, ein runder Futterautomat f\u00fcr Mastschweine. Im Laufe der Jahre wurden die Systeme kontinuierlich ver\u00e4ndert. So wurden zum Beispiel <a href=\"https:\/\/www.groba.nl\/de\/\">F\u00fctterungssysteme<\/a> f\u00fcr Gruppenhaltung entwickelt. Zudem wurden Futterautomaten mit zwei unabh\u00e4ngigen Dosiersystemen in das Sortiment aufgenommen. Die Futterautomaten sind in verschiedenen Abmessungen erh\u00e4ltlich. Sie eignen sich sowohl f\u00fcr Schweine als auch Ferkel und f\u00fcr jede Futterart. Das Sortiment von Groba umfasst zudem die <a href=\"https:\/\/www.groba.nl\/de\/product\/stalko-trockenfutterautomaten\/\">Futterautomaten von Stalko<\/a>.<\/p><\/div><div class='content-column one_half last_column'><h2>Warum Futterautomaten von Groba?<\/h2>\n<ul>\n<li>hygienisch und effizient<\/li>\n<li>optimales Wasser-Futter-Verh\u00e4ltnis<\/li>\n<li>st\u00f6rungsfrei<\/li>\n<li>einfach einzustellen<\/li>\n<li>innovativ und langlebig<\/li>\n<\/ul>\n<p>M\u00f6chten Sie mehr \u00fcber unsere Futterautomaten erfahren? Fordern Sie kostenlos \u00fcber unser <a href=\"https:\/\/www.groba.nl\/de\/kontakt\/\">Kontaktformular<\/a> eine Brosch\u00fcre an. Oder stellen Sie Ihre Frage telefonisch unter <a href=\"tel:+31246414289\">+31 24 641 42 89<\/a>.<\/p><\/div><div class='clear_column'><\/div><\/p>\n","protected":false},"excerpt":{"rendered":"<p>Futterautomaten f\u00fcr Schweine Die Grundlage f\u00fcr unsere Futterautomaten f\u00fcr Schweine stellt jahrelange Forschung dar&#8230;.<\/p>\n","protected":false},"author":8,"featured_media":0,"parent":0,"menu_order":0,"comment_status":"closed","ping_status":"closed","template":"","meta":{"_acf_changed":false,"footnotes":""},"class_list":["post-455","page","type-page","status-publish","hentry"],"acf":[],"yoast_head":"<!-- This site is optimized with the Yoast SEO plugin v27.3 - https:\/\/yoast.com\/product\/yoast-seo-wordpress\/ -->\n<title>Futterautomaten f\u00fcr Schweine - Groba<\/title>\n<meta name=\"robots\" content=\"index, follow, max-snippet:-1, max-image-preview:large, max-video-preview:-1\" \/>\n<link rel=\"canonical\" href=\"https:\/\/www.groba.nl\/de\/futterautomaten-fuer-schweine\/\" \/>\n<meta property=\"og:locale\" content=\"de_DE\" \/>\n<meta property=\"og:type\" content=\"article\" \/>\n<meta property=\"og:title\" content=\"Futterautomaten f\u00fcr Schweine - Groba\" \/>\n<meta property=\"og:description\" content=\"Futterautomaten f\u00fcr Schweine Die Grundlage f\u00fcr unsere Futterautomaten f\u00fcr Schweine stellt jahrelange Forschung dar....\" \/>\n<meta property=\"og:url\" content=\"https:\/\/www.groba.nl\/de\/futterautomaten-fuer-schweine\/\" \/>\n<meta property=\"og:site_name\" content=\"Groba\" \/>\n<meta property=\"article:modified_time\" content=\"2018-08-07T07:51:33+00:00\" \/>\n<meta name=\"twitter:card\" content=\"summary_large_image\" \/>\n<meta name=\"twitter:label1\" content=\"Gesch\u00e4tzte Lesezeit\" \/>\n\t<meta name=\"twitter:data1\" content=\"1\u00a0Minute\" \/>\n<script type=\"application\/ld+json\" class=\"yoast-schema-graph\">{\"@context\":\"https:\\\/\\\/schema.org\",\"@graph\":[{\"@type\":\"WebPage\",\"@id\":\"https:\\\/\\\/www.groba.nl\\\/de\\\/futterautomaten-fuer-schweine\\\/\",\"url\":\"https:\\\/\\\/www.groba.nl\\\/de\\\/futterautomaten-fuer-schweine\\\/\",\"name\":\"Futterautomaten f\u00fcr Schweine - Groba\",\"isPartOf\":{\"@id\":\"https:\\\/\\\/www.groba.nl\\\/#website\"},\"datePublished\":\"2018-08-06T07:27:11+00:00\",\"dateModified\":\"2018-08-07T07:51:33+00:00\",\"breadcrumb\":{\"@id\":\"https:\\\/\\\/www.groba.nl\\\/de\\\/futterautomaten-fuer-schweine\\\/#breadcrumb\"},\"inLanguage\":\"de\",\"potentialAction\":[{\"@type\":\"ReadAction\",\"target\":[\"https:\\\/\\\/www.groba.nl\\\/de\\\/futterautomaten-fuer-schweine\\\/\"]}]},{\"@type\":\"BreadcrumbList\",\"@id\":\"https:\\\/\\\/www.groba.nl\\\/de\\\/futterautomaten-fuer-schweine\\\/#breadcrumb\",\"itemListElement\":[{\"@type\":\"ListItem\",\"position\":1,\"name\":\"Home\",\"item\":\"https:\\\/\\\/www.groba.nl\\\/de\\\/home\\\/\"},{\"@type\":\"ListItem\",\"position\":2,\"name\":\"Futterautomaten f\u00fcr Schweine\"}]},{\"@type\":\"WebSite\",\"@id\":\"https:\\\/\\\/www.groba.nl\\\/#website\",\"url\":\"https:\\\/\\\/www.groba.nl\\\/\",\"name\":\"Groba\",\"description\":\"Groba Feeding Systems\",\"publisher\":{\"@id\":\"https:\\\/\\\/www.groba.nl\\\/#organization\"},\"potentialAction\":[{\"@type\":\"SearchAction\",\"target\":{\"@type\":\"EntryPoint\",\"urlTemplate\":\"https:\\\/\\\/www.groba.nl\\\/?s={search_term_string}\"},\"query-input\":{\"@type\":\"PropertyValueSpecification\",\"valueRequired\":true,\"valueName\":\"search_term_string\"}}],\"inLanguage\":\"de\"},{\"@type\":\"Organization\",\"@id\":\"https:\\\/\\\/www.groba.nl\\\/#organization\",\"name\":\"Groba Feeding Systems\",\"url\":\"https:\\\/\\\/www.groba.nl\\\/\",\"logo\":{\"@type\":\"ImageObject\",\"inLanguage\":\"de\",\"@id\":\"https:\\\/\\\/www.groba.nl\\\/#\\\/schema\\\/logo\\\/image\\\/\",\"url\":\"https:\\\/\\\/www.groba.nl\\\/wp-content\\\/uploads\\\/Groba_Logo.png\",\"contentUrl\":\"https:\\\/\\\/www.groba.nl\\\/wp-content\\\/uploads\\\/Groba_Logo.png\",\"width\":\"520\",\"height\":\"224\",\"caption\":\"Groba Feeding Systems\"},\"image\":{\"@id\":\"https:\\\/\\\/www.groba.nl\\\/#\\\/schema\\\/logo\\\/image\\\/\"}}]}<\/script>\n<!-- \/ Yoast SEO plugin. -->","yoast_head_json":{"title":"Futterautomaten f\u00fcr Schweine - Groba","robots":{"index":"index","follow":"follow","max-snippet":"max-snippet:-1","max-image-preview":"max-image-preview:large","max-video-preview":"max-video-preview:-1"},"canonical":"https:\/\/www.groba.nl\/de\/futterautomaten-fuer-schweine\/","og_locale":"de_DE","og_type":"article","og_title":"Futterautomaten f\u00fcr Schweine - Groba","og_description":"Futterautomaten f\u00fcr Schweine Die Grundlage f\u00fcr unsere Futterautomaten f\u00fcr Schweine stellt jahrelange Forschung dar....","og_url":"https:\/\/www.groba.nl\/de\/futterautomaten-fuer-schweine\/","og_site_name":"Groba","article_modified_time":"2018-08-07T07:51:33+00:00","twitter_card":"summary_large_image","twitter_misc":{"Gesch\u00e4tzte Lesezeit":"1\u00a0Minute"},"schema":{"@context":"https:\/\/schema.org","@graph":[{"@type":"WebPage","@id":"https:\/\/www.groba.nl\/de\/futterautomaten-fuer-schweine\/","url":"https:\/\/www.groba.nl\/de\/futterautomaten-fuer-schweine\/","name":"Futterautomaten f\u00fcr Schweine - Groba","isPartOf":{"@id":"https:\/\/www.groba.nl\/#website"},"datePublished":"2018-08-06T07:27:11+00:00","dateModified":"2018-08-07T07:51:33+00:00","breadcrumb":{"@id":"https:\/\/www.groba.nl\/de\/futterautomaten-fuer-schweine\/#breadcrumb"},"inLanguage":"de","potentialAction":[{"@type":"ReadAction","target":["https:\/\/www.groba.nl\/de\/futterautomaten-fuer-schweine\/"]}]},{"@type":"BreadcrumbList","@id":"https:\/\/www.groba.nl\/de\/futterautomaten-fuer-schweine\/#breadcrumb","itemListElement":[{"@type":"ListItem","position":1,"name":"Home","item":"https:\/\/www.groba.nl\/de\/home\/"},{"@type":"ListItem","position":2,"name":"Futterautomaten f\u00fcr Schweine"}]},{"@type":"WebSite","@id":"https:\/\/www.groba.nl\/#website","url":"https:\/\/www.groba.nl\/","name":"Groba","description":"Groba Feeding Systems","publisher":{"@id":"https:\/\/www.groba.nl\/#organization"},"potentialAction":[{"@type":"SearchAction","target":{"@type":"EntryPoint","urlTemplate":"https:\/\/www.groba.nl\/?s={search_term_string}"},"query-input":{"@type":"PropertyValueSpecification","valueRequired":true,"valueName":"search_term_string"}}],"inLanguage":"de"},{"@type":"Organization","@id":"https:\/\/www.groba.nl\/#organization","name":"Groba Feeding Systems","url":"https:\/\/www.groba.nl\/","logo":{"@type":"ImageObject","inLanguage":"de","@id":"https:\/\/www.groba.nl\/#\/schema\/logo\/image\/","url":"https:\/\/www.groba.nl\/wp-content\/uploads\/Groba_Logo.png","contentUrl":"https:\/\/www.groba.nl\/wp-content\/uploads\/Groba_Logo.png","width":"520","height":"224","caption":"Groba Feeding Systems"},"image":{"@id":"https:\/\/www.groba.nl\/#\/schema\/logo\/image\/"}}]}},"_links":{"self":[{"href":"https:\/\/www.groba.nl\/de\/wp-json\/wp\/v2\/pages\/455","targetHints":{"allow":["GET"]}}],"collection":[{"href":"https:\/\/www.groba.nl\/de\/wp-json\/wp\/v2\/pages"}],"about":[{"href":"https:\/\/www.groba.nl\/de\/wp-json\/wp\/v2\/types\/page"}],"author":[{"embeddable":true,"href":"https:\/\/www.groba.nl\/de\/wp-json\/wp\/v2\/users\/8"}],"replies":[{"embeddable":true,"href":"https:\/\/www.groba.nl\/de\/wp-json\/wp\/v2\/comments?post=455"}],"version-history":[{"count":6,"href":"https:\/\/www.groba.nl\/de\/wp-json\/wp\/v2\/pages\/455\/revisions"}],"predecessor-version":[{"id":556,"href":"https:\/\/www.groba.nl\/de\/wp-json\/wp\/v2\/pages\/455\/revisions\/556"}],"wp:attachment":[{"href":"https:\/\/www.groba.nl\/de\/wp-json\/wp\/v2\/media?parent=455"}],"curies":[{"name":"wp","href":"https:\/\/api.w.org\/{rel}","templated":true}]}}