{"id":1361,"date":"2025-10-14T23:28:28","date_gmt":"2025-10-14T21:28:28","guid":{"rendered":"https:\/\/www.groba.nl\/a-propos-de-groba\/"},"modified":"2025-10-21T12:04:25","modified_gmt":"2025-10-21T10:04:25","slug":"a-propos-de-groba","status":"publish","type":"page","link":"https:\/\/www.groba.nl\/fr\/a-propos-de-groba\/","title":{"rendered":"\u00c0 propos de Groba"},"content":{"rendered":"<h1>\u00c0 propos de Groba<\/h1>\n<p>Groba Voedersystemen BV est n\u00e9 de l&rsquo;\u00e9levage porcin de la famille De Groot de Balgoij. Ils ont con\u00e7u un nouveau syst\u00e8me d&rsquo;alimentation, plus hygi\u00e9nique et avec moins de gaspillage.<\/p>\n<p>Depuis 2023, Groba Feeding Systems B.V. est dirig\u00e9 par Lieke et Daan Boekhorst. Ils travaillent \u00e0 partir de la pratique et poss\u00e8dent un \u00e9levage porcin de 880 truies et 6000 porcs de boucherie, un commerce d&rsquo;\u00e9quipements d&rsquo;\u00e9table d&rsquo;occasion <a href=\"https:\/\/boekhorsttrading.com\/\" target=\"_blank\" rel=\"noopener\">Boekhorst Trading<\/a> et un commerce d&rsquo;additifs alimentaires et d&rsquo;ajouts pour fumier homog\u00e8ne : <a href=\"http:\/\/www.farminc.nl\" target=\"_blank\" rel=\"noopener\">Farminc<\/a>.<\/p>\n<p>La famille Boekhorst travaille elle-m\u00eame avec les auges rondes depuis le d\u00e9but, conna\u00eet le produit de fond en comble et est convaincue de sa qualit\u00e9.<\/p>\n<p><img decoding=\"async\" class=\"alignnone wp-image-1143 size-large\" src=\"https:\/\/www.groba.nl\/wp-content\/uploads\/Groba-Team-2025.jpg\" alt=\"\" width=\"1024\" \/><\/p>\n<div class='content-column one_half'><h2>Groba Feeding Systems Horssen<\/h2>\n<p>Groba feeding systems est \u00e9tabli \u00e0 Horssen, au centre des Pays-Bas et pr\u00e8s de l&rsquo;Allemagne. Une excellente base d&rsquo;op\u00e9rations. Les \u00e9levages porcins du monde entier utilisent d\u00e9sormais les syst\u00e8mes d&rsquo;alimentation de Groba. Le r\u00e9seau de concessionnaires s&rsquo;\u00e9tend sur tous les Pays-Bas. De plus, Groba travaille avec des importateurs en Europe, en Afrique, en Am\u00e9rique, en Chine et dans d&rsquo;autres pays.<\/p><\/div><div class='content-column one_half last_column'><h2>Syst\u00e8mes d&rsquo;alimentation Groba pour l&rsquo;\u00e9levage porcin<\/h2>\n<p>Avec des conseils personnalis\u00e9s et un service, Groba encourage les \u00e9leveurs de porcs \u00e0 atteindre un niveau sup\u00e9rieur. C&rsquo;est-\u00e0-dire : produire davantage de mani\u00e8re responsable. Cela n&rsquo;est possible qu&rsquo;avec l&rsquo;aide de syst\u00e8mes de haute qualit\u00e9. Voulez-vous savoir quels syst\u00e8mes conviennent \u00e0 votre porcherie ? En tant qu&rsquo;ancien \u00e9leveur de porcs, nous savons ce que les \u00e9leveurs de porcs attendent. Demandez conseil et nous vous expliquerons tout sur les avantages de nos diff\u00e9rents syst\u00e8mes. Prenez <a title=\"Contact avec Groba feeding systems\" href=\"https:\/\/www.groba.nl\/fr\/contact\/\">contact<\/a> sans engagement.<\/p><\/div><div class='clear_column'><\/div><\/p>\n","protected":false},"excerpt":{"rendered":"<p>\u00c0 propos de Groba Groba Voedersystemen BV est n\u00e9 de l&rsquo;\u00e9levage porcin de la&#8230;<\/p>\n","protected":false},"author":8,"featured_media":0,"parent":0,"menu_order":0,"comment_status":"closed","ping_status":"closed","template":"","meta":{"_acf_changed":false,"footnotes":""},"class_list":["post-1361","page","type-page","status-publish","hentry"],"acf":[],"yoast_head":"<!-- This site is optimized with the Yoast SEO plugin v27.3 - https:\/\/yoast.com\/product\/yoast-seo-wordpress\/ -->\n<title>Groba Voedersystemen BV l Auges pour porcs sp\u00e9cialement d\u00e9velopp\u00e9es<\/title>\n<meta name=\"description\" content=\"Groba feeding systems, n\u00e9 de l&#039;\u00e9levage porcin de la famille De Groot de Balgoij, fournit des syst\u00e8mes d&#039;alimentation pour l&#039;\u00e9levage porcin, dans le monde entier.\" \/>\n<meta name=\"robots\" content=\"index, follow, max-snippet:-1, max-image-preview:large, max-video-preview:-1\" \/>\n<link rel=\"canonical\" href=\"https:\/\/www.groba.nl\/fr\/a-propos-de-groba\/\" \/>\n<meta property=\"og:locale\" content=\"fr_FR\" \/>\n<meta property=\"og:type\" content=\"article\" \/>\n<meta property=\"og:title\" content=\"Groba Voedersystemen BV l Auges pour porcs sp\u00e9cialement d\u00e9velopp\u00e9es\" \/>\n<meta property=\"og:description\" content=\"Groba feeding systems, n\u00e9 de l&#039;\u00e9levage porcin de la famille De Groot de Balgoij, fournit des syst\u00e8mes d&#039;alimentation pour l&#039;\u00e9levage porcin, dans le monde entier.\" \/>\n<meta property=\"og:url\" content=\"https:\/\/www.groba.nl\/fr\/a-propos-de-groba\/\" \/>\n<meta property=\"og:site_name\" content=\"Groba\" \/>\n<meta property=\"article:modified_time\" content=\"2025-10-21T10:04:25+00:00\" \/>\n<meta property=\"og:image\" content=\"https:\/\/www.groba.nl\/wp-content\/uploads\/IMG_3712-FOTORH-Studio-Richard-Hulshof-Header-site-scaled.jpg\" \/>\n\t<meta property=\"og:image:width\" content=\"2560\" \/>\n\t<meta property=\"og:image:height\" content=\"967\" \/>\n\t<meta property=\"og:image:type\" content=\"image\/jpeg\" \/>\n<meta name=\"twitter:card\" content=\"summary_large_image\" \/>\n<meta name=\"twitter:label1\" content=\"Dur\u00e9e de lecture estim\u00e9e\" \/>\n\t<meta name=\"twitter:data1\" content=\"2 minutes\" \/>\n<script type=\"application\/ld+json\" class=\"yoast-schema-graph\">{\"@context\":\"https:\\\/\\\/schema.org\",\"@graph\":[{\"@type\":\"WebPage\",\"@id\":\"https:\\\/\\\/www.groba.nl\\\/fr\\\/a-propos-de-groba\\\/\",\"url\":\"https:\\\/\\\/www.groba.nl\\\/fr\\\/a-propos-de-groba\\\/\",\"name\":\"Groba Voedersystemen BV l Auges pour porcs sp\u00e9cialement d\u00e9velopp\u00e9es\",\"isPartOf\":{\"@id\":\"https:\\\/\\\/www.groba.nl\\\/#website\"},\"primaryImageOfPage\":{\"@id\":\"https:\\\/\\\/www.groba.nl\\\/fr\\\/a-propos-de-groba\\\/#primaryimage\"},\"image\":{\"@id\":\"https:\\\/\\\/www.groba.nl\\\/fr\\\/a-propos-de-groba\\\/#primaryimage\"},\"thumbnailUrl\":\"https:\\\/\\\/www.groba.nl\\\/wp-content\\\/uploads\\\/Groba-Team-2025.jpg\",\"datePublished\":\"2025-10-14T21:28:28+00:00\",\"dateModified\":\"2025-10-21T10:04:25+00:00\",\"description\":\"Groba feeding systems, n\u00e9 de l'\u00e9levage porcin de la famille De Groot de Balgoij, fournit des syst\u00e8mes d'alimentation pour l'\u00e9levage porcin, dans le monde entier.\",\"breadcrumb\":{\"@id\":\"https:\\\/\\\/www.groba.nl\\\/fr\\\/a-propos-de-groba\\\/#breadcrumb\"},\"inLanguage\":\"fr-FR\",\"potentialAction\":[{\"@type\":\"ReadAction\",\"target\":[\"https:\\\/\\\/www.groba.nl\\\/fr\\\/a-propos-de-groba\\\/\"]}]},{\"@type\":\"ImageObject\",\"inLanguage\":\"fr-FR\",\"@id\":\"https:\\\/\\\/www.groba.nl\\\/fr\\\/a-propos-de-groba\\\/#primaryimage\",\"url\":\"https:\\\/\\\/www.groba.nl\\\/wp-content\\\/uploads\\\/Groba-Team-2025.jpg\",\"contentUrl\":\"https:\\\/\\\/www.groba.nl\\\/wp-content\\\/uploads\\\/Groba-Team-2025.jpg\"},{\"@type\":\"BreadcrumbList\",\"@id\":\"https:\\\/\\\/www.groba.nl\\\/fr\\\/a-propos-de-groba\\\/#breadcrumb\",\"itemListElement\":[{\"@type\":\"ListItem\",\"position\":1,\"name\":\"Home\",\"item\":\"https:\\\/\\\/www.groba.nl\\\/fr\\\/accueil\\\/\"},{\"@type\":\"ListItem\",\"position\":2,\"name\":\"\u00c0 propos de Groba\"}]},{\"@type\":\"WebSite\",\"@id\":\"https:\\\/\\\/www.groba.nl\\\/#website\",\"url\":\"https:\\\/\\\/www.groba.nl\\\/\",\"name\":\"Groba\",\"description\":\"Groba Feeding Systems\",\"publisher\":{\"@id\":\"https:\\\/\\\/www.groba.nl\\\/#organization\"},\"potentialAction\":[{\"@type\":\"SearchAction\",\"target\":{\"@type\":\"EntryPoint\",\"urlTemplate\":\"https:\\\/\\\/www.groba.nl\\\/?s={search_term_string}\"},\"query-input\":{\"@type\":\"PropertyValueSpecification\",\"valueRequired\":true,\"valueName\":\"search_term_string\"}}],\"inLanguage\":\"fr-FR\"},{\"@type\":\"Organization\",\"@id\":\"https:\\\/\\\/www.groba.nl\\\/#organization\",\"name\":\"Groba Feeding Systems\",\"url\":\"https:\\\/\\\/www.groba.nl\\\/\",\"logo\":{\"@type\":\"ImageObject\",\"inLanguage\":\"fr-FR\",\"@id\":\"https:\\\/\\\/www.groba.nl\\\/#\\\/schema\\\/logo\\\/image\\\/\",\"url\":\"https:\\\/\\\/www.groba.nl\\\/wp-content\\\/uploads\\\/Groba_Logo.png\",\"contentUrl\":\"https:\\\/\\\/www.groba.nl\\\/wp-content\\\/uploads\\\/Groba_Logo.png\",\"width\":\"520\",\"height\":\"224\",\"caption\":\"Groba Feeding Systems\"},\"image\":{\"@id\":\"https:\\\/\\\/www.groba.nl\\\/#\\\/schema\\\/logo\\\/image\\\/\"}}]}<\/script>\n<!-- \/ Yoast SEO plugin. -->","yoast_head_json":{"title":"Groba Voedersystemen BV l Auges pour porcs sp\u00e9cialement d\u00e9velopp\u00e9es","description":"Groba feeding systems, n\u00e9 de l'\u00e9levage porcin de la famille De Groot de Balgoij, fournit des syst\u00e8mes d'alimentation pour l'\u00e9levage porcin, dans le monde entier.","robots":{"index":"index","follow":"follow","max-snippet":"max-snippet:-1","max-image-preview":"max-image-preview:large","max-video-preview":"max-video-preview:-1"},"canonical":"https:\/\/www.groba.nl\/fr\/a-propos-de-groba\/","og_locale":"fr_FR","og_type":"article","og_title":"Groba Voedersystemen BV l Auges pour porcs sp\u00e9cialement d\u00e9velopp\u00e9es","og_description":"Groba feeding systems, n\u00e9 de l'\u00e9levage porcin de la famille De Groot de Balgoij, fournit des syst\u00e8mes d'alimentation pour l'\u00e9levage porcin, dans le monde entier.","og_url":"https:\/\/www.groba.nl\/fr\/a-propos-de-groba\/","og_site_name":"Groba","article_modified_time":"2025-10-21T10:04:25+00:00","og_image":[{"width":2560,"height":967,"url":"https:\/\/www.groba.nl\/wp-content\/uploads\/IMG_3712-FOTORH-Studio-Richard-Hulshof-Header-site-scaled.jpg","type":"image\/jpeg"}],"twitter_card":"summary_large_image","twitter_misc":{"Dur\u00e9e de lecture estim\u00e9e":"2 minutes"},"schema":{"@context":"https:\/\/schema.org","@graph":[{"@type":"WebPage","@id":"https:\/\/www.groba.nl\/fr\/a-propos-de-groba\/","url":"https:\/\/www.groba.nl\/fr\/a-propos-de-groba\/","name":"Groba Voedersystemen BV l Auges pour porcs sp\u00e9cialement d\u00e9velopp\u00e9es","isPartOf":{"@id":"https:\/\/www.groba.nl\/#website"},"primaryImageOfPage":{"@id":"https:\/\/www.groba.nl\/fr\/a-propos-de-groba\/#primaryimage"},"image":{"@id":"https:\/\/www.groba.nl\/fr\/a-propos-de-groba\/#primaryimage"},"thumbnailUrl":"https:\/\/www.groba.nl\/wp-content\/uploads\/Groba-Team-2025.jpg","datePublished":"2025-10-14T21:28:28+00:00","dateModified":"2025-10-21T10:04:25+00:00","description":"Groba feeding systems, n\u00e9 de l'\u00e9levage porcin de la famille De Groot de Balgoij, fournit des syst\u00e8mes d'alimentation pour l'\u00e9levage porcin, dans le monde entier.","breadcrumb":{"@id":"https:\/\/www.groba.nl\/fr\/a-propos-de-groba\/#breadcrumb"},"inLanguage":"fr-FR","potentialAction":[{"@type":"ReadAction","target":["https:\/\/www.groba.nl\/fr\/a-propos-de-groba\/"]}]},{"@type":"ImageObject","inLanguage":"fr-FR","@id":"https:\/\/www.groba.nl\/fr\/a-propos-de-groba\/#primaryimage","url":"https:\/\/www.groba.nl\/wp-content\/uploads\/Groba-Team-2025.jpg","contentUrl":"https:\/\/www.groba.nl\/wp-content\/uploads\/Groba-Team-2025.jpg"},{"@type":"BreadcrumbList","@id":"https:\/\/www.groba.nl\/fr\/a-propos-de-groba\/#breadcrumb","itemListElement":[{"@type":"ListItem","position":1,"name":"Home","item":"https:\/\/www.groba.nl\/fr\/accueil\/"},{"@type":"ListItem","position":2,"name":"\u00c0 propos de Groba"}]},{"@type":"WebSite","@id":"https:\/\/www.groba.nl\/#website","url":"https:\/\/www.groba.nl\/","name":"Groba","description":"Groba Feeding Systems","publisher":{"@id":"https:\/\/www.groba.nl\/#organization"},"potentialAction":[{"@type":"SearchAction","target":{"@type":"EntryPoint","urlTemplate":"https:\/\/www.groba.nl\/?s={search_term_string}"},"query-input":{"@type":"PropertyValueSpecification","valueRequired":true,"valueName":"search_term_string"}}],"inLanguage":"fr-FR"},{"@type":"Organization","@id":"https:\/\/www.groba.nl\/#organization","name":"Groba Feeding Systems","url":"https:\/\/www.groba.nl\/","logo":{"@type":"ImageObject","inLanguage":"fr-FR","@id":"https:\/\/www.groba.nl\/#\/schema\/logo\/image\/","url":"https:\/\/www.groba.nl\/wp-content\/uploads\/Groba_Logo.png","contentUrl":"https:\/\/www.groba.nl\/wp-content\/uploads\/Groba_Logo.png","width":"520","height":"224","caption":"Groba Feeding Systems"},"image":{"@id":"https:\/\/www.groba.nl\/#\/schema\/logo\/image\/"}}]}},"_links":{"self":[{"href":"https:\/\/www.groba.nl\/fr\/wp-json\/wp\/v2\/pages\/1361","targetHints":{"allow":["GET"]}}],"collection":[{"href":"https:\/\/www.groba.nl\/fr\/wp-json\/wp\/v2\/pages"}],"about":[{"href":"https:\/\/www.groba.nl\/fr\/wp-json\/wp\/v2\/types\/page"}],"author":[{"embeddable":true,"href":"https:\/\/www.groba.nl\/fr\/wp-json\/wp\/v2\/users\/8"}],"replies":[{"embeddable":true,"href":"https:\/\/www.groba.nl\/fr\/wp-json\/wp\/v2\/comments?post=1361"}],"version-history":[{"count":1,"href":"https:\/\/www.groba.nl\/fr\/wp-json\/wp\/v2\/pages\/1361\/revisions"}],"predecessor-version":[{"id":1577,"href":"https:\/\/www.groba.nl\/fr\/wp-json\/wp\/v2\/pages\/1361\/revisions\/1577"}],"wp:attachment":[{"href":"https:\/\/www.groba.nl\/fr\/wp-json\/wp\/v2\/media?parent=1361"}],"curies":[{"name":"wp","href":"https:\/\/api.w.org\/{rel}","templated":true}]}}