{"id":1538,"date":"2025-10-16T12:17:56","date_gmt":"2025-10-16T10:17:56","guid":{"rendered":"https:\/\/www.groba.nl\/avertissement\/"},"modified":"2025-10-16T12:17:56","modified_gmt":"2025-10-16T10:17:56","slug":"avertissement","status":"publish","type":"page","link":"https:\/\/www.groba.nl\/fr\/avertissement\/","title":{"rendered":"Avertissement"},"content":{"rendered":"<h1>Avertissement<\/h1>\n<p>Ce site web utilise des cookies analytiques par le biais de Google Analytics. Cela nous permet d&rsquo;en savoir plus sur l&rsquo;utilisation de ce site web par les visiteurs. Ceci se fait par le placement d&rsquo;un cookie permanent par Google Analytics sur votre ordinateur, tablette ou t\u00e9l\u00e9phone. Les donn\u00e9es collect\u00e9es sont analys\u00e9es par Google Analytics et ces r\u00e9sultats sont mis \u00e0 notre disposition. Sur la base de ces analyses, nous pouvons apporter des modifications \u00e0 notre site web et\/ou \u00e0 nos services.    <\/p>\n","protected":false},"excerpt":{"rendered":"<p>Avertissement Ce site web utilise des cookies analytiques par le biais de Google Analytics&#8230;.<\/p>\n","protected":false},"author":8,"featured_media":0,"parent":0,"menu_order":0,"comment_status":"closed","ping_status":"closed","template":"","meta":{"_acf_changed":false,"footnotes":""},"class_list":["post-1538","page","type-page","status-publish","hentry"],"acf":[],"yoast_head":"<!-- This site is optimized with the Yoast SEO plugin v27.3 - https:\/\/yoast.com\/product\/yoast-seo-wordpress\/ -->\n<title>Avertissement - Groba<\/title>\n<meta name=\"robots\" content=\"index, follow, max-snippet:-1, max-image-preview:large, max-video-preview:-1\" \/>\n<link rel=\"canonical\" href=\"https:\/\/www.groba.nl\/avertissement\/\" \/>\n<meta property=\"og:locale\" content=\"fr_FR\" \/>\n<meta property=\"og:type\" content=\"article\" \/>\n<meta property=\"og:title\" content=\"Avertissement - Groba\" \/>\n<meta property=\"og:description\" content=\"Avertissement Ce site web utilise des cookies analytiques par le biais de Google Analytics....\" \/>\n<meta property=\"og:url\" content=\"https:\/\/www.groba.nl\/avertissement\/\" \/>\n<meta property=\"og:site_name\" content=\"Groba\" \/>\n<meta name=\"twitter:card\" content=\"summary_large_image\" \/>\n<script type=\"application\/ld+json\" class=\"yoast-schema-graph\">{\"@context\":\"https:\\\/\\\/schema.org\",\"@graph\":[{\"@type\":\"WebPage\",\"@id\":\"https:\\\/\\\/www.groba.nl\\\/avertissement\\\/\",\"url\":\"https:\\\/\\\/www.groba.nl\\\/avertissement\\\/\",\"name\":\"Avertissement - Groba\",\"isPartOf\":{\"@id\":\"https:\\\/\\\/www.groba.nl\\\/#website\"},\"datePublished\":\"2025-10-16T10:17:56+00:00\",\"breadcrumb\":{\"@id\":\"https:\\\/\\\/www.groba.nl\\\/avertissement\\\/#breadcrumb\"},\"inLanguage\":\"fr-FR\",\"potentialAction\":[{\"@type\":\"ReadAction\",\"target\":[\"https:\\\/\\\/www.groba.nl\\\/avertissement\\\/\"]}]},{\"@type\":\"BreadcrumbList\",\"@id\":\"https:\\\/\\\/www.groba.nl\\\/avertissement\\\/#breadcrumb\",\"itemListElement\":[{\"@type\":\"ListItem\",\"position\":1,\"name\":\"Home\",\"item\":\"https:\\\/\\\/www.groba.nl\\\/fr\\\/accueil\\\/\"},{\"@type\":\"ListItem\",\"position\":2,\"name\":\"Avertissement\"}]},{\"@type\":\"WebSite\",\"@id\":\"https:\\\/\\\/www.groba.nl\\\/#website\",\"url\":\"https:\\\/\\\/www.groba.nl\\\/\",\"name\":\"Groba\",\"description\":\"Groba Feeding Systems\",\"publisher\":{\"@id\":\"https:\\\/\\\/www.groba.nl\\\/#organization\"},\"potentialAction\":[{\"@type\":\"SearchAction\",\"target\":{\"@type\":\"EntryPoint\",\"urlTemplate\":\"https:\\\/\\\/www.groba.nl\\\/?s={search_term_string}\"},\"query-input\":{\"@type\":\"PropertyValueSpecification\",\"valueRequired\":true,\"valueName\":\"search_term_string\"}}],\"inLanguage\":\"fr-FR\"},{\"@type\":\"Organization\",\"@id\":\"https:\\\/\\\/www.groba.nl\\\/#organization\",\"name\":\"Groba Feeding Systems\",\"url\":\"https:\\\/\\\/www.groba.nl\\\/\",\"logo\":{\"@type\":\"ImageObject\",\"inLanguage\":\"fr-FR\",\"@id\":\"https:\\\/\\\/www.groba.nl\\\/#\\\/schema\\\/logo\\\/image\\\/\",\"url\":\"https:\\\/\\\/www.groba.nl\\\/wp-content\\\/uploads\\\/Groba_Logo.png\",\"contentUrl\":\"https:\\\/\\\/www.groba.nl\\\/wp-content\\\/uploads\\\/Groba_Logo.png\",\"width\":\"520\",\"height\":\"224\",\"caption\":\"Groba Feeding Systems\"},\"image\":{\"@id\":\"https:\\\/\\\/www.groba.nl\\\/#\\\/schema\\\/logo\\\/image\\\/\"}}]}<\/script>\n<!-- \/ Yoast SEO plugin. -->","yoast_head_json":{"title":"Avertissement - Groba","robots":{"index":"index","follow":"follow","max-snippet":"max-snippet:-1","max-image-preview":"max-image-preview:large","max-video-preview":"max-video-preview:-1"},"canonical":"https:\/\/www.groba.nl\/avertissement\/","og_locale":"fr_FR","og_type":"article","og_title":"Avertissement - Groba","og_description":"Avertissement Ce site web utilise des cookies analytiques par le biais de Google Analytics....","og_url":"https:\/\/www.groba.nl\/avertissement\/","og_site_name":"Groba","twitter_card":"summary_large_image","schema":{"@context":"https:\/\/schema.org","@graph":[{"@type":"WebPage","@id":"https:\/\/www.groba.nl\/avertissement\/","url":"https:\/\/www.groba.nl\/avertissement\/","name":"Avertissement - Groba","isPartOf":{"@id":"https:\/\/www.groba.nl\/#website"},"datePublished":"2025-10-16T10:17:56+00:00","breadcrumb":{"@id":"https:\/\/www.groba.nl\/avertissement\/#breadcrumb"},"inLanguage":"fr-FR","potentialAction":[{"@type":"ReadAction","target":["https:\/\/www.groba.nl\/avertissement\/"]}]},{"@type":"BreadcrumbList","@id":"https:\/\/www.groba.nl\/avertissement\/#breadcrumb","itemListElement":[{"@type":"ListItem","position":1,"name":"Home","item":"https:\/\/www.groba.nl\/fr\/accueil\/"},{"@type":"ListItem","position":2,"name":"Avertissement"}]},{"@type":"WebSite","@id":"https:\/\/www.groba.nl\/#website","url":"https:\/\/www.groba.nl\/","name":"Groba","description":"Groba Feeding Systems","publisher":{"@id":"https:\/\/www.groba.nl\/#organization"},"potentialAction":[{"@type":"SearchAction","target":{"@type":"EntryPoint","urlTemplate":"https:\/\/www.groba.nl\/?s={search_term_string}"},"query-input":{"@type":"PropertyValueSpecification","valueRequired":true,"valueName":"search_term_string"}}],"inLanguage":"fr-FR"},{"@type":"Organization","@id":"https:\/\/www.groba.nl\/#organization","name":"Groba Feeding Systems","url":"https:\/\/www.groba.nl\/","logo":{"@type":"ImageObject","inLanguage":"fr-FR","@id":"https:\/\/www.groba.nl\/#\/schema\/logo\/image\/","url":"https:\/\/www.groba.nl\/wp-content\/uploads\/Groba_Logo.png","contentUrl":"https:\/\/www.groba.nl\/wp-content\/uploads\/Groba_Logo.png","width":"520","height":"224","caption":"Groba Feeding Systems"},"image":{"@id":"https:\/\/www.groba.nl\/#\/schema\/logo\/image\/"}}]}},"_links":{"self":[{"href":"https:\/\/www.groba.nl\/fr\/wp-json\/wp\/v2\/pages\/1538","targetHints":{"allow":["GET"]}}],"collection":[{"href":"https:\/\/www.groba.nl\/fr\/wp-json\/wp\/v2\/pages"}],"about":[{"href":"https:\/\/www.groba.nl\/fr\/wp-json\/wp\/v2\/types\/page"}],"author":[{"embeddable":true,"href":"https:\/\/www.groba.nl\/fr\/wp-json\/wp\/v2\/users\/8"}],"replies":[{"embeddable":true,"href":"https:\/\/www.groba.nl\/fr\/wp-json\/wp\/v2\/comments?post=1538"}],"version-history":[{"count":0,"href":"https:\/\/www.groba.nl\/fr\/wp-json\/wp\/v2\/pages\/1538\/revisions"}],"wp:attachment":[{"href":"https:\/\/www.groba.nl\/fr\/wp-json\/wp\/v2\/media?parent=1538"}],"curies":[{"name":"wp","href":"https:\/\/api.w.org\/{rel}","templated":true}]}}